{"id":31003,"date":"2024-05-24T18:25:20","date_gmt":"2024-05-24T18:25:20","guid":{"rendered":"https:\/\/ox-rud.com\/cookies-policy\/"},"modified":"2024-09-19T09:45:11","modified_gmt":"2024-09-19T09:45:11","slug":"politica-de-cookies","status":"publish","type":"page","link":"https:\/\/ox-rud.com\/es\/politica-de-cookies\/","title":{"rendered":"Pol\u00edtica de Cookies"},"content":{"rendered":"[vc_row type=\u00bbfull_width_background\u00bb full_screen_row_position=\u00bbmiddle\u00bb column_margin=\u00bbdefault\u00bb equal_height=\u00bbyes\u00bb content_placement=\u00bbbottom\u00bb column_direction=\u00bbdefault\u00bb column_direction_tablet=\u00bbdefault\u00bb column_direction_phone=\u00bbdefault\u00bb bg_color=\u00bb#004893&#8243; bg_image=\u00bb31331&#8243; bg_position=\u00bbright bottom\u00bb background_image_loading=\u00bbdefault\u00bb bg_repeat=\u00bbno-repeat\u00bb scene_position=\u00bbcenter\u00bb top_padding=\u00bb15%\u00bb bottom_padding=\u00bb13%\u00bb text_color=\u00bblight\u00bb text_align=\u00bbleft\u00bb row_border_radius=\u00bbnone\u00bb row_border_radius_applies=\u00bbbg\u00bb overflow=\u00bbvisible\u00bb overlay_strength=\u00bb0.5&#8243; gradient_direction=\u00bbleft_to_right\u00bb shape_divider_position=\u00bbbottom\u00bb shape_divider_height=\u00bb350&#8243; bg_image_animation=\u00bbfade-in\u00bb parallax_bg=\u00bbtrue\u00bb parallax_bg_speed=\u00bbfast\u00bb shape_type=\u00bbmountains\u00bb gradient_type=\u00bbdefault\u00bb][vc_column column_padding=\u00bbno-extra-padding\u00bb column_padding_tablet=\u00bbinherit\u00bb column_padding_phone=\u00bbinherit\u00bb column_padding_position=\u00bball\u00bb column_element_direction_desktop=\u00bbdefault\u00bb column_element_spacing=\u00bbdefault\u00bb desktop_text_alignment=\u00bbdefault\u00bb tablet_text_alignment=\u00bbdefault\u00bb phone_text_alignment=\u00bbdefault\u00bb background_color_opacity=\u00bb1&#8243; background_hover_color_opacity=\u00bb1&#8243; column_backdrop_filter=\u00bbnone\u00bb column_shadow=\u00bbnone\u00bb column_border_radius=\u00bbnone\u00bb column_link_target=\u00bb_self\u00bb column_position=\u00bbdefault\u00bb gradient_direction=\u00bbleft_to_right\u00bb overlay_strength=\u00bb0.3&#8243; width=\u00bb1\/2&#8243; tablet_width_inherit=\u00bbdefault\u00bb animation_type=\u00bbdefault\u00bb bg_image_animation=\u00bbnone\u00bb border_type=\u00bbsimple\u00bb column_border_width=\u00bbnone\u00bb column_border_style=\u00bbsolid\u00bb][vc_row_inner column_margin=\u00bbdefault\u00bb column_direction=\u00bbdefault\u00bb column_direction_tablet=\u00bbdefault\u00bb column_direction_phone=\u00bbdefault\u00bb text_align=\u00bbleft\u00bb row_position=\u00bbdefault\u00bb row_position_tablet=\u00bbinherit\u00bb row_position_phone=\u00bbinherit\u00bb overflow=\u00bbvisible\u00bb pointer_events=\u00bball\u00bb][vc_column_inner column_padding=\u00bbno-extra-padding\u00bb column_padding_tablet=\u00bbinherit\u00bb column_padding_phone=\u00bbinherit\u00bb column_padding_position=\u00bball\u00bb column_element_direction_desktop=\u00bbdefault\u00bb column_element_spacing=\u00bbdefault\u00bb desktop_text_alignment=\u00bbdefault\u00bb tablet_text_alignment=\u00bbdefault\u00bb phone_text_alignment=\u00bbdefault\u00bb background_color_opacity=\u00bb1&#8243; background_hover_color_opacity=\u00bb1&#8243; column_backdrop_filter=\u00bbnone\u00bb column_shadow=\u00bbnone\u00bb column_border_radius=\u00bbnone\u00bb column_link_target=\u00bb_self\u00bb overflow=\u00bbvisible\u00bb gradient_direction=\u00bbleft_to_right\u00bb overlay_strength=\u00bb0.3&#8243; width=\u00bb1\/1&#8243; tablet_width_inherit=\u00bbdefault\u00bb animation_type=\u00bbdefault\u00bb bg_image_animation=\u00bbnone\u00bb border_type=\u00bbsimple\u00bb column_border_width=\u00bbnone\u00bb column_border_style=\u00bbsolid\u00bb][split_line_heading animation_type=\u00bbline-reveal-by-space\u00bb font_style=\u00bbh1&#8243; line_reveal_by_space_text_effect=\u00bbdefault\u00bb content_alignment=\u00bbdefault\u00bb mobile_content_alignment=\u00bbinherit\u00bb link_target=\u00bb_self\u00bb text_content=\u00bbPOLITICA DE COOKIES\u00bb text_direction=\u00bbdefault\u00bb][\/split_line_heading][\/vc_column_inner][\/vc_row_inner][\/vc_column][vc_column column_padding=\u00bbno-extra-padding\u00bb column_padding_tablet=\u00bbinherit\u00bb column_padding_phone=\u00bbinherit\u00bb column_padding_position=\u00bball\u00bb column_element_direction_desktop=\u00bbdefault\u00bb column_element_spacing=\u00bbdefault\u00bb desktop_text_alignment=\u00bbdefault\u00bb tablet_text_alignment=\u00bbdefault\u00bb phone_text_alignment=\u00bbdefault\u00bb background_color_opacity=\u00bb1&#8243; background_hover_color_opacity=\u00bb1&#8243; column_backdrop_filter=\u00bbnone\u00bb column_shadow=\u00bbnone\u00bb column_border_radius=\u00bbnone\u00bb column_link_target=\u00bb_self\u00bb column_position=\u00bbdefault\u00bb gradient_direction=\u00bbleft_to_right\u00bb overlay_strength=\u00bb0.3&#8243; width=\u00bb1\/2&#8243; tablet_width_inherit=\u00bbdefault\u00bb animation_type=\u00bbdefault\u00bb bg_image_animation=\u00bbnone\u00bb border_type=\u00bbsimple\u00bb column_border_width=\u00bbnone\u00bb column_border_style=\u00bbsolid\u00bb][\/vc_column][\/vc_row][vc_row type=\u00bbfull_width_background\u00bb full_screen_row_position=\u00bbmiddle\u00bb column_margin=\u00bbdefault\u00bb equal_height=\u00bbyes\u00bb content_placement=\u00bbmiddle\u00bb column_direction=\u00bbdefault\u00bb column_direction_tablet=\u00bbdefault\u00bb column_direction_phone=\u00bbdefault\u00bb bg_color=\u00bb#004893&#8243; scene_position=\u00bbcenter\u00bb top_padding=\u00bb6%\u00bb constrain_group_1=\u00bbyes\u00bb bottom_padding=\u00bb6%\u00bb text_color=\u00bblight\u00bb text_align=\u00bbleft\u00bb row_border_radius=\u00bbnone\u00bb row_border_radius_applies=\u00bbbg\u00bb overflow=\u00bbvisible\u00bb overlay_strength=\u00bb0.3&#8243; gradient_direction=\u00bbleft_to_right\u00bb shape_divider_position=\u00bbbottom\u00bb bg_image_animation=\u00bbnone\u00bb gradient_type=\u00bbdefault\u00bb shape_type=\u00bb\u00bb][vc_column column_padding=\u00bbpadding-10-percent\u00bb column_padding_tablet=\u00bbinherit\u00bb column_padding_phone=\u00bbinherit\u00bb column_padding_position=\u00bbright\u00bb column_element_direction_desktop=\u00bbdefault\u00bb column_element_spacing=\u00bbdefault\u00bb desktop_text_alignment=\u00bbdefault\u00bb tablet_text_alignment=\u00bbdefault\u00bb phone_text_alignment=\u00bbdefault\u00bb background_color_opacity=\u00bb1&#8243; background_hover_color_opacity=\u00bb1&#8243; column_backdrop_filter=\u00bbnone\u00bb column_shadow=\u00bbnone\u00bb column_border_radius=\u00bbnone\u00bb column_link_target=\u00bb_self\u00bb column_position=\u00bbdefault\u00bb gradient_direction=\u00bbleft_to_right\u00bb overlay_strength=\u00bb0.3&#8243; width=\u00bb1\/2&#8243; tablet_width_inherit=\u00bbdefault\u00bb animation_type=\u00bbdefault\u00bb bg_image_animation=\u00bbnone\u00bb border_type=\u00bbsimple\u00bb column_border_width=\u00bbnone\u00bb column_border_style=\u00bbsolid\u00bb column_padding_type=\u00bbdefault\u00bb gradient_type=\u00bbdefault\u00bb][vc_column_text css_animation=\u00bbtop-to-bottom\u00bb css=\u00bb.vc_custom_1716030341790{padding-right: 5% !important;}\u00bb text_direction=\u00bbdefault\u00bb]\n<h2><span style=\"color: #ffffff;\">MORE THAN 30 YEARS<br \/>\n<span style=\"color: #ff3b00;\">OF EXPERIENCE<\/span><\/span><\/h2>\n[\/vc_column_text][\/vc_column][vc_column column_padding=\u00bbno-extra-padding\u00bb column_padding_tablet=\u00bbinherit\u00bb column_padding_phone=\u00bbinherit\u00bb column_padding_position=\u00bball\u00bb column_element_direction_desktop=\u00bbdefault\u00bb column_element_spacing=\u00bbdefault\u00bb desktop_text_alignment=\u00bbdefault\u00bb tablet_text_alignment=\u00bbdefault\u00bb phone_text_alignment=\u00bbdefault\u00bb background_color_opacity=\u00bb1&#8243; background_hover_color_opacity=\u00bb1&#8243; column_backdrop_filter=\u00bbnone\u00bb column_shadow=\u00bbnone\u00bb column_border_radius=\u00bbnone\u00bb column_link_target=\u00bb_self\u00bb column_position=\u00bbdefault\u00bb gradient_direction=\u00bbleft_to_right\u00bb overlay_strength=\u00bb0.3&#8243; width=\u00bb1\/2&#8243; tablet_width_inherit=\u00bbdefault\u00bb animation_type=\u00bbdefault\u00bb bg_image_animation=\u00bbnone\u00bb border_type=\u00bbsimple\u00bb column_border_width=\u00bbnone\u00bb column_border_style=\u00bbsolid\u00bb column_padding_type=\u00bbdefault\u00bb gradient_type=\u00bbdefault\u00bb][split_line_heading animation_type=\u00bbline-reveal-by-space\u00bb font_style=\u00bbp\u00bb text_color=\u00bb#ffffff\u00bb line_reveal_by_space_text_effect=\u00bbdefault\u00bb content_alignment=\u00bbdefault\u00bb mobile_content_alignment=\u00bbinherit\u00bb link_target=\u00bb_self\u00bb text_content=\u00bbEsta pol\u00edtica de cookies explica qu\u00e9 son las cookies, c\u00f3mo las utilizamos y las opciones que tienes para gestionarlas. Te invitamos a leerla detenidamente para entender c\u00f3mo y por qu\u00e9 usamos estas tecnolog\u00edas.\u00bb text_direction=\u00bbdefault\u00bb font_size=\u00bb26px\u00bb font_line_height=\u00bb30px\u00bb el_class=\u00bbnormaltext\u00bb font_size_tablet=\u00bb24px\u00bb font_size_phone=\u00bb22px\u00bb][\/split_line_heading][\/vc_column][\/vc_row][vc_row type=\u00bbfull_width_background\u00bb full_screen_row_position=\u00bbmiddle\u00bb column_margin=\u00bbdefault\u00bb column_direction=\u00bbdefault\u00bb column_direction_tablet=\u00bbdefault\u00bb column_direction_phone=\u00bbdefault\u00bb scene_position=\u00bbcenter\u00bb top_padding=\u00bb6%\u00bb constrain_group_1=\u00bbyes\u00bb bottom_padding=\u00bb6%\u00bb left_padding_desktop=\u00bb16%\u00bb constrain_group_2=\u00bbyes\u00bb right_padding_desktop=\u00bb16%\u00bb left_padding_tablet=\u00bb8%\u00bb constrain_group_4=\u00bbyes\u00bb right_padding_tablet=\u00bb8%\u00bb left_padding_phone=\u00bb0&#8243; constrain_group_6=\u00bbyes\u00bb right_padding_phone=\u00bb0&#8243; text_color=\u00bbdark\u00bb text_align=\u00bbleft\u00bb row_border_radius=\u00bbnone\u00bb row_border_radius_applies=\u00bbbg\u00bb overflow=\u00bbvisible\u00bb overlay_strength=\u00bb0.3&#8243; gradient_direction=\u00bbleft_to_right\u00bb shape_divider_position=\u00bbbottom\u00bb bg_image_animation=\u00bbnone\u00bb gradient_type=\u00bbdefault\u00bb shape_type=\u00bb\u00bb][vc_column column_padding=\u00bbno-extra-padding\u00bb column_padding_tablet=\u00bbinherit\u00bb column_padding_phone=\u00bbinherit\u00bb column_padding_position=\u00bball\u00bb column_element_direction_desktop=\u00bbdefault\u00bb column_element_spacing=\u00bbdefault\u00bb desktop_text_alignment=\u00bbdefault\u00bb tablet_text_alignment=\u00bbdefault\u00bb phone_text_alignment=\u00bbdefault\u00bb background_color_opacity=\u00bb1&#8243; background_hover_color_opacity=\u00bb1&#8243; column_backdrop_filter=\u00bbnone\u00bb column_shadow=\u00bbnone\u00bb column_border_radius=\u00bbnone\u00bb column_link_target=\u00bb_self\u00bb column_position=\u00bbdefault\u00bb gradient_direction=\u00bbleft_to_right\u00bb overlay_strength=\u00bb0.3&#8243; width=\u00bb1\/1&#8243; tablet_width_inherit=\u00bbdefault\u00bb animation_type=\u00bbdefault\u00bb bg_image_animation=\u00bbnone\u00bb border_type=\u00bbsimple\u00bb column_border_width=\u00bbnone\u00bb column_border_style=\u00bbsolid\u00bb][vc_column_text css=\u00bb\u00bb text_direction=\u00bbdefault\u00bb]\n<h2 class=\"bebasneue\">Definici\u00f3n y funci\u00f3n de las cookies<\/h2>\n<p>Una cookie es un fichero que se descarga en su ordenador al acceder a determinadas p\u00e1ginas web. Las cookies permiten, entre otras cosas, registrar la actividad del usuario de manera an\u00f3nima a la p\u00e1gina web, permitiendo as\u00ed recordar determinados par\u00e1metros e informaci\u00f3n sobre el usuario con el objetivo de tener una mayor personalizaci\u00f3n del sitio web, configurar preferencias, o an\u00e1lisis de datos.<\/p>\n<h2 class=\"bebasneue\" style=\"margin-top: 30px;\">\u00bfQu\u00e9 tipo de cookies utiliza esta p\u00e1gina web?<\/h2>\n<p>Las cookies propias de terceros prestadores de servicios son las siguientes:<\/p>\n<p>(Las cookies de terceros son aqu\u00e9llas que se env\u00edan al equipo terminal del usuario desde un equipo o dominio que no es gestionado por el editor, sino por otra entidad que trata los datos obtenidos a trav\u00e9s de las cookies).<\/p>\n<h2 class=\"bebasneue\" style=\"margin-top:30px\">Google Maps<\/h2>\n<p>Dos cookies (PREF y NID) persistentes establecidas por aplicaciones de Google Maps y gestionadas por Google.<\/p>\n<p>Para m\u00e1s detalles consulte en el siguiente enlace la pol\u00edtica de privacidad de Google [<a href=\"http:\/\/www.google.com\/intl\/es\/policies\/privacy\/\" target=\"_blank\" rel=\"noopener noreferrer\">http:\/\/www.google.com\/intl\/es\/policies\/privacy\/<\/a>]\n<h2 class=\"bebasneue\" style=\"margin-top:30px\">Google Analytics<\/h2>\n<p>Para realizar las estad\u00edsticas de uso del Sitio Web se utilizan las cookies de Google Analytics.<\/p>\n<p>El objetivo es conocer el nivel de recurrencia de los visitantes y los contenidos que les resultan m\u00e1s interesantes. De esta manera se pueden concentrar los esfuerzos en mejorar las \u00e1reas m\u00e1s visitadas y hacer que el usuario encuentre m\u00e1s f\u00e1cilmente lo que busca.<\/p>\n<p>En el Sitio Web puede utilizarse la informaci\u00f3n de su visita para realizar evaluaciones y c\u00e1lculos estad\u00edsticos sobre datos an\u00f3nimos, as\u00ed como para garantizar la continuidad del servicio o para realizar mejoras en sus sitios Web.<\/p>\n<p>Para m\u00e1s detalles consulte en el siguiente enlace la pol\u00edtica de privacidad de Google [<a href=\"http:\/\/www.google.com\/intl\/es\/policies\/privacy\/\" target=\"_blank\" rel=\"noopener noreferrer\">http:\/\/www.google.com\/intl\/es\/policies\/privacy\/<\/a>]\n<h2 class=\"bebasneue\" style=\"margin-top:30px\">Revocaci\u00f3n y eliminaci\u00f3n de cookies<\/h2>\n<p>Usted puede permitir, bloquear o eliminar las cookies instaladas en su equipo mediante la configuraci\u00f3n de las opciones del navegador instalado en su ordenador, en caso que no permita la instalaci\u00f3n de cookies en su navegador es posible que no pueda acceder a alguna de las secciones de nuestra web.<\/p>\n<p>En los siguientes enlaces, se explica la gesti\u00f3n de las cookies seg\u00fan los distintos navegadores web:<\/p>\n<p>Chrome, desde <a href=\"http:\/\/support.google.com\/chrome\/bin\/answer.py?hl=es&amp;answer=95647\" rel=\"nofollow\">http:\/\/support.google.com\/chrome\/bin\/answer.py?hl=es&amp;answer=95647<\/a><\/p>\n<p>Explorer, desde <a href=\"http:\/\/windows.microsoft.com\/es-es\/windows7\/how-to-manage-cookies-in-internet-explorer-9\" rel=\"nofollow\">http:\/\/windows.microsoft.com\/es-es\/windows7\/how-to-manage-cookies-in-internet-explorer-9<\/a><\/p>\n<p>Firefox, desde <a href=\"http:\/\/support.mozilla.org\/es\/kb\/habilitar-y-deshabilitar-cookies-que-los-sitios-we\" rel=\"nofollow\">http:\/\/support.mozilla.org\/es\/kb\/habilitar-y-deshabilitar-cookies-que-los-sitios-we<\/a><\/p>\n<p>Safari, desde <a href=\"http:\/\/support.apple.com\/kb\/ph5042\" rel=\"nofollow\">http:\/\/support.apple.com\/kb\/ph5042<\/a><\/p>\n<h2 class=\"bebasneue\" style=\"margin-top:30px\">M\u00e1s informaci\u00f3n sobre las cookies y su pol\u00edtica<\/h2>\n<p>Puede ampliar m\u00e1s informaci\u00f3n al respecto de las cookies en los siguientes enlaces:<\/p>\n<p><a href=\"http:\/\/www.agpd.es\/portalwebAGPD\/canaldocumentacion\/publicaciones\/common\/Guias\/Guia_Cookies.pdf\" rel=\"nofollow\">http:\/\/www.agpd.es\/portalwebAGPD\/canaldocumentacion\/publicaciones\/common\/Guias\/Guia_Cookies.pdf<\/a>[\/vc_column_text][\/vc_column][\/vc_row]\n","protected":false},"excerpt":{"rendered":"<p>[vc_row type=\u00bbfull_width_background\u00bb full_screen_row_position=\u00bbmiddle\u00bb column_margin=\u00bbdefault\u00bb equal_height=\u00bbyes\u00bb content_placement=\u00bbbottom\u00bb column_direction=\u00bbdefault\u00bb column_direction_tablet=\u00bbdefault\u00bb column_direction_phone=\u00bbdefault\u00bb bg_color=\u00bb#004893&#8243; bg_image=\u00bb31331&#8243; bg_position=\u00bbright bottom\u00bb background_image_loading=\u00bbdefault\u00bb bg_repeat=\u00bbno-repeat\u00bb scene_position=\u00bbcenter\u00bb top_padding=\u00bb15%\u00bb bottom_padding=\u00bb13%\u00bb text_color=\u00bblight\u00bb text_align=\u00bbleft\u00bb row_border_radius=\u00bbnone\u00bb row_border_radius_applies=\u00bbbg\u00bb overflow=\u00bbvisible\u00bb overlay_strength=\u00bb0.5&#8243; gradient_direction=\u00bbleft_to_right\u00bb shape_divider_position=\u00bbbottom\u00bb shape_divider_height=\u00bb350&#8243; bg_image_animation=\u00bbfade-in\u00bb parallax_bg=\u00bbtrue\u00bb parallax_bg_speed=\u00bbfast\u00bb&#8230;<\/p>\n","protected":false},"author":2,"featured_media":31331,"parent":0,"menu_order":0,"comment_status":"closed","ping_status":"closed","template":"","meta":{"footnotes":""},"class_list":["post-31003","page","type-page","status-publish","has-post-thumbnail"],"yoast_head":"<!-- This site is optimized with the Yoast SEO plugin v27.0 - https:\/\/yoast.com\/product\/yoast-seo-wordpress\/ -->\n<title>Pol\u00edtica de Cookies<\/title>\n<meta name=\"robots\" content=\"noindex, follow\" \/>\n<meta property=\"og:locale\" content=\"es_ES\" \/>\n<meta property=\"og:type\" content=\"article\" \/>\n<meta property=\"og:title\" content=\"Pol\u00edtica de Cookies\" \/>\n<meta property=\"og:description\" content=\"[vc_row type=\u00bbfull_width_background\u00bb full_screen_row_position=\u00bbmiddle\u00bb column_margin=\u00bbdefault\u00bb equal_height=\u00bbyes\u00bb content_placement=\u00bbbottom\u00bb column_direction=\u00bbdefault\u00bb column_direction_tablet=\u00bbdefault\u00bb column_direction_phone=\u00bbdefault\u00bb bg_color=\u00bb#004893&#8243; bg_image=\u00bb31331&#8243; bg_position=\u00bbright bottom\u00bb background_image_loading=\u00bbdefault\u00bb bg_repeat=\u00bbno-repeat\u00bb scene_position=\u00bbcenter\u00bb top_padding=\u00bb15%\u00bb bottom_padding=\u00bb13%\u00bb text_color=\u00bblight\u00bb text_align=\u00bbleft\u00bb row_border_radius=\u00bbnone\u00bb row_border_radius_applies=\u00bbbg\u00bb overflow=\u00bbvisible\u00bb overlay_strength=\u00bb0.5&#8243; gradient_direction=\u00bbleft_to_right\u00bb shape_divider_position=\u00bbbottom\u00bb shape_divider_height=\u00bb350&#8243; bg_image_animation=\u00bbfade-in\u00bb parallax_bg=\u00bbtrue\u00bb parallax_bg_speed=\u00bbfast\u00bb...\" \/>\n<meta property=\"og:url\" content=\"https:\/\/ox-rud.com\/es\/politica-de-cookies\/\" \/>\n<meta property=\"og:site_name\" content=\"OX &amp; RUD\" \/>\n<meta property=\"article:publisher\" content=\"https:\/\/twitter.com\/OxWorldwide\" \/>\n<meta property=\"article:modified_time\" content=\"2024-09-19T09:45:11+00:00\" \/>\n<meta property=\"og:image\" content=\"https:\/\/ox-rud.com\/wp-content\/uploads\/2024\/09\/Header-Cookies.jpg\" \/>\n\t<meta property=\"og:image:width\" content=\"1600\" \/>\n\t<meta property=\"og:image:height\" content=\"900\" \/>\n\t<meta property=\"og:image:type\" content=\"image\/jpeg\" \/>\n<meta name=\"twitter:card\" content=\"summary_large_image\" \/>\n<meta name=\"twitter:label1\" content=\"Tiempo de lectura\" \/>\n\t<meta name=\"twitter:data1\" content=\"4 minutos\" \/>\n<script type=\"application\/ld+json\" class=\"yoast-schema-graph\">{\"@context\":\"https:\/\/schema.org\",\"@graph\":[{\"@type\":\"WebPage\",\"@id\":\"https:\/\/ox-rud.com\/es\/politica-de-cookies\/\",\"url\":\"https:\/\/ox-rud.com\/es\/politica-de-cookies\/\",\"name\":\"Pol\u00edtica de Cookies\",\"isPartOf\":{\"@id\":\"https:\/\/ox-rud.com\/es\/#website\"},\"primaryImageOfPage\":{\"@id\":\"https:\/\/ox-rud.com\/es\/politica-de-cookies\/#primaryimage\"},\"image\":{\"@id\":\"https:\/\/ox-rud.com\/es\/politica-de-cookies\/#primaryimage\"},\"thumbnailUrl\":\"https:\/\/ox-rud.com\/wp-content\/uploads\/2024\/09\/Header-Cookies.jpg\",\"datePublished\":\"2024-05-24T18:25:20+00:00\",\"dateModified\":\"2024-09-19T09:45:11+00:00\",\"breadcrumb\":{\"@id\":\"https:\/\/ox-rud.com\/es\/politica-de-cookies\/#breadcrumb\"},\"inLanguage\":\"es\",\"potentialAction\":[{\"@type\":\"ReadAction\",\"target\":[\"https:\/\/ox-rud.com\/es\/politica-de-cookies\/\"]}]},{\"@type\":\"ImageObject\",\"inLanguage\":\"es\",\"@id\":\"https:\/\/ox-rud.com\/es\/politica-de-cookies\/#primaryimage\",\"url\":\"https:\/\/ox-rud.com\/wp-content\/uploads\/2024\/09\/Header-Cookies.jpg\",\"contentUrl\":\"https:\/\/ox-rud.com\/wp-content\/uploads\/2024\/09\/Header-Cookies.jpg\",\"width\":1600,\"height\":900,\"caption\":\"Cookies Policy Ox & Rud\"},{\"@type\":\"BreadcrumbList\",\"@id\":\"https:\/\/ox-rud.com\/es\/politica-de-cookies\/#breadcrumb\",\"itemListElement\":[{\"@type\":\"ListItem\",\"position\":1,\"name\":\"Portada\",\"item\":\"https:\/\/ox-rud.com\/es\/\"},{\"@type\":\"ListItem\",\"position\":2,\"name\":\"Pol\u00edtica de Cookies\"}]},{\"@type\":\"WebSite\",\"@id\":\"https:\/\/ox-rud.com\/es\/#website\",\"url\":\"https:\/\/ox-rud.com\/es\/\",\"name\":\"OX & RUD\",\"description\":\"Equipos de Elevaci\u00f3n de Cargas\",\"publisher\":{\"@id\":\"https:\/\/ox-rud.com\/es\/#organization\"},\"alternateName\":\"OX & RUD\",\"potentialAction\":[{\"@type\":\"SearchAction\",\"target\":{\"@type\":\"EntryPoint\",\"urlTemplate\":\"https:\/\/ox-rud.com\/es\/?s={search_term_string}\"},\"query-input\":{\"@type\":\"PropertyValueSpecification\",\"valueRequired\":true,\"valueName\":\"search_term_string\"}}],\"inLanguage\":\"es\"},{\"@type\":\"Organization\",\"@id\":\"https:\/\/ox-rud.com\/es\/#organization\",\"name\":\"OX & RUD\",\"url\":\"https:\/\/ox-rud.com\/es\/\",\"logo\":{\"@type\":\"ImageObject\",\"inLanguage\":\"es\",\"@id\":\"https:\/\/ox-rud.com\/es\/#\/schema\/logo\/image\/\",\"url\":\"https:\/\/ox-rud.com\/wp-content\/uploads\/2024\/05\/Logo-OXRUD-web-no-retina-colour.png\",\"contentUrl\":\"https:\/\/ox-rud.com\/wp-content\/uploads\/2024\/05\/Logo-OXRUD-web-no-retina-colour.png\",\"width\":300,\"height\":62,\"caption\":\"OX & RUD\"},\"image\":{\"@id\":\"https:\/\/ox-rud.com\/es\/#\/schema\/logo\/image\/\"},\"sameAs\":[\"https:\/\/twitter.com\/OxWorldwide\",\"https:\/\/www.linkedin.com\/company\/ox-worldwide\/\"]}]}<\/script>\n<!-- \/ Yoast SEO plugin. -->","yoast_head_json":{"title":"Pol\u00edtica de Cookies","robots":{"index":"noindex","follow":"follow"},"og_locale":"es_ES","og_type":"article","og_title":"Pol\u00edtica de Cookies","og_description":"[vc_row type=\u00bbfull_width_background\u00bb full_screen_row_position=\u00bbmiddle\u00bb column_margin=\u00bbdefault\u00bb equal_height=\u00bbyes\u00bb content_placement=\u00bbbottom\u00bb column_direction=\u00bbdefault\u00bb column_direction_tablet=\u00bbdefault\u00bb column_direction_phone=\u00bbdefault\u00bb bg_color=\u00bb#004893&#8243; bg_image=\u00bb31331&#8243; bg_position=\u00bbright bottom\u00bb background_image_loading=\u00bbdefault\u00bb bg_repeat=\u00bbno-repeat\u00bb scene_position=\u00bbcenter\u00bb top_padding=\u00bb15%\u00bb bottom_padding=\u00bb13%\u00bb text_color=\u00bblight\u00bb text_align=\u00bbleft\u00bb row_border_radius=\u00bbnone\u00bb row_border_radius_applies=\u00bbbg\u00bb overflow=\u00bbvisible\u00bb overlay_strength=\u00bb0.5&#8243; gradient_direction=\u00bbleft_to_right\u00bb shape_divider_position=\u00bbbottom\u00bb shape_divider_height=\u00bb350&#8243; bg_image_animation=\u00bbfade-in\u00bb parallax_bg=\u00bbtrue\u00bb parallax_bg_speed=\u00bbfast\u00bb...","og_url":"https:\/\/ox-rud.com\/es\/politica-de-cookies\/","og_site_name":"OX &amp; RUD","article_publisher":"https:\/\/twitter.com\/OxWorldwide","article_modified_time":"2024-09-19T09:45:11+00:00","og_image":[{"width":1600,"height":900,"url":"https:\/\/ox-rud.com\/wp-content\/uploads\/2024\/09\/Header-Cookies.jpg","type":"image\/jpeg"}],"twitter_card":"summary_large_image","twitter_misc":{"Tiempo de lectura":"4 minutos"},"schema":{"@context":"https:\/\/schema.org","@graph":[{"@type":"WebPage","@id":"https:\/\/ox-rud.com\/es\/politica-de-cookies\/","url":"https:\/\/ox-rud.com\/es\/politica-de-cookies\/","name":"Pol\u00edtica de Cookies","isPartOf":{"@id":"https:\/\/ox-rud.com\/es\/#website"},"primaryImageOfPage":{"@id":"https:\/\/ox-rud.com\/es\/politica-de-cookies\/#primaryimage"},"image":{"@id":"https:\/\/ox-rud.com\/es\/politica-de-cookies\/#primaryimage"},"thumbnailUrl":"https:\/\/ox-rud.com\/wp-content\/uploads\/2024\/09\/Header-Cookies.jpg","datePublished":"2024-05-24T18:25:20+00:00","dateModified":"2024-09-19T09:45:11+00:00","breadcrumb":{"@id":"https:\/\/ox-rud.com\/es\/politica-de-cookies\/#breadcrumb"},"inLanguage":"es","potentialAction":[{"@type":"ReadAction","target":["https:\/\/ox-rud.com\/es\/politica-de-cookies\/"]}]},{"@type":"ImageObject","inLanguage":"es","@id":"https:\/\/ox-rud.com\/es\/politica-de-cookies\/#primaryimage","url":"https:\/\/ox-rud.com\/wp-content\/uploads\/2024\/09\/Header-Cookies.jpg","contentUrl":"https:\/\/ox-rud.com\/wp-content\/uploads\/2024\/09\/Header-Cookies.jpg","width":1600,"height":900,"caption":"Cookies Policy Ox & Rud"},{"@type":"BreadcrumbList","@id":"https:\/\/ox-rud.com\/es\/politica-de-cookies\/#breadcrumb","itemListElement":[{"@type":"ListItem","position":1,"name":"Portada","item":"https:\/\/ox-rud.com\/es\/"},{"@type":"ListItem","position":2,"name":"Pol\u00edtica de Cookies"}]},{"@type":"WebSite","@id":"https:\/\/ox-rud.com\/es\/#website","url":"https:\/\/ox-rud.com\/es\/","name":"OX & RUD","description":"Equipos de Elevaci\u00f3n de Cargas","publisher":{"@id":"https:\/\/ox-rud.com\/es\/#organization"},"alternateName":"OX & RUD","potentialAction":[{"@type":"SearchAction","target":{"@type":"EntryPoint","urlTemplate":"https:\/\/ox-rud.com\/es\/?s={search_term_string}"},"query-input":{"@type":"PropertyValueSpecification","valueRequired":true,"valueName":"search_term_string"}}],"inLanguage":"es"},{"@type":"Organization","@id":"https:\/\/ox-rud.com\/es\/#organization","name":"OX & RUD","url":"https:\/\/ox-rud.com\/es\/","logo":{"@type":"ImageObject","inLanguage":"es","@id":"https:\/\/ox-rud.com\/es\/#\/schema\/logo\/image\/","url":"https:\/\/ox-rud.com\/wp-content\/uploads\/2024\/05\/Logo-OXRUD-web-no-retina-colour.png","contentUrl":"https:\/\/ox-rud.com\/wp-content\/uploads\/2024\/05\/Logo-OXRUD-web-no-retina-colour.png","width":300,"height":62,"caption":"OX & RUD"},"image":{"@id":"https:\/\/ox-rud.com\/es\/#\/schema\/logo\/image\/"},"sameAs":["https:\/\/twitter.com\/OxWorldwide","https:\/\/www.linkedin.com\/company\/ox-worldwide\/"]}]}},"_links":{"self":[{"href":"https:\/\/ox-rud.com\/es\/wp-json\/wp\/v2\/pages\/31003","targetHints":{"allow":["GET"]}}],"collection":[{"href":"https:\/\/ox-rud.com\/es\/wp-json\/wp\/v2\/pages"}],"about":[{"href":"https:\/\/ox-rud.com\/es\/wp-json\/wp\/v2\/types\/page"}],"author":[{"embeddable":true,"href":"https:\/\/ox-rud.com\/es\/wp-json\/wp\/v2\/users\/2"}],"replies":[{"embeddable":true,"href":"https:\/\/ox-rud.com\/es\/wp-json\/wp\/v2\/comments?post=31003"}],"version-history":[{"count":7,"href":"https:\/\/ox-rud.com\/es\/wp-json\/wp\/v2\/pages\/31003\/revisions"}],"predecessor-version":[{"id":31343,"href":"https:\/\/ox-rud.com\/es\/wp-json\/wp\/v2\/pages\/31003\/revisions\/31343"}],"wp:featuredmedia":[{"embeddable":true,"href":"https:\/\/ox-rud.com\/es\/wp-json\/wp\/v2\/media\/31331"}],"wp:attachment":[{"href":"https:\/\/ox-rud.com\/es\/wp-json\/wp\/v2\/media?parent=31003"}],"curies":[{"name":"wp","href":"https:\/\/api.w.org\/{rel}","templated":true}]}}